{"id":22,"date":"2024-03-25T18:18:35","date_gmt":"2024-03-25T23:18:35","guid":{"rendered":"https:\/\/radiounica945.com\/?page_id=22"},"modified":"2024-04-11T22:54:28","modified_gmt":"2024-04-12T03:54:28","slug":"rendicion-de-cuentas","status":"publish","type":"page","link":"https:\/\/radiounica945.com\/index.php\/rendicion-de-cuentas\/","title":{"rendered":"Rendici\u00f3n de Cuentas"},"content":{"rendered":"\t\t<div data-elementor-type=\"wp-page\" data-elementor-id=\"22\" class=\"elementor elementor-22\" data-elementor-post-type=\"page\">\n\t\t\t\t\t\t<section class=\"elementor-section elementor-top-section elementor-element elementor-element-0233bd8 elementor-section-height-min-height elementor-section-stretched elementor-section-boxed elementor-section-height-default elementor-section-items-middle\" data-id=\"0233bd8\" data-element_type=\"section\" data-settings=\"{&quot;stretch_section&quot;:&quot;section-stretched&quot;,&quot;background_background&quot;:&quot;classic&quot;}\">\n\t\t\t\t\t\t<div class=\"elementor-container elementor-column-gap-default\">\n\t\t\t\t\t<div class=\"elementor-column elementor-col-100 elementor-top-column elementor-element elementor-element-fe49f71\" data-id=\"fe49f71\" data-element_type=\"column\">\n\t\t\t<div class=\"elementor-widget-wrap elementor-element-populated\">\n\t\t\t\t\t\t<section class=\"elementor-section elementor-inner-section elementor-element elementor-element-58fb4b5 elementor-section-boxed elementor-section-height-default elementor-section-height-default\" data-id=\"58fb4b5\" data-element_type=\"section\">\n\t\t\t\t\t\t<div class=\"elementor-container elementor-column-gap-default\">\n\t\t\t\t\t<div class=\"elementor-column elementor-col-50 elementor-inner-column elementor-element elementor-element-6d89d64\" data-id=\"6d89d64\" data-element_type=\"column\">\n\t\t\t<div class=\"elementor-widget-wrap elementor-element-populated\">\n\t\t\t\t\t\t<div class=\"elementor-element elementor-element-2c98346 elementor-widget elementor-widget-image\" data-id=\"2c98346\" data-element_type=\"widget\" data-widget_type=\"image.default\">\n\t\t\t\t<div class=\"elementor-widget-container\">\n\t\t\t\t\t\t\t\t\t\t\t\t\t\t\t<img fetchpriority=\"high\" decoding=\"async\" width=\"512\" height=\"512\" src=\"https:\/\/radiounica945.com\/wp-content\/uploads\/2024\/03\/LogoLaUnica2024.png\" class=\"attachment-large size-large wp-image-337\" alt=\"\" srcset=\"https:\/\/radiounica945.com\/wp-content\/uploads\/2024\/03\/LogoLaUnica2024.png 512w, https:\/\/radiounica945.com\/wp-content\/uploads\/2024\/03\/LogoLaUnica2024-300x300.png 300w, https:\/\/radiounica945.com\/wp-content\/uploads\/2024\/03\/LogoLaUnica2024-150x150.png 150w\" sizes=\"(max-width: 512px) 100vw, 512px\" \/>\t\t\t\t\t\t\t\t\t\t\t\t\t\t\t<\/div>\n\t\t\t\t<\/div>\n\t\t\t\t\t<\/div>\n\t\t<\/div>\n\t\t\t\t<div class=\"elementor-column elementor-col-50 elementor-inner-column elementor-element elementor-element-d232fe1\" data-id=\"d232fe1\" data-element_type=\"column\">\n\t\t\t<div class=\"elementor-widget-wrap elementor-element-populated\">\n\t\t\t\t\t\t<div class=\"elementor-element elementor-element-04ee959 elementor-widget elementor-widget-music-player\" data-id=\"04ee959\" data-element_type=\"widget\" data-widget_type=\"music-player.default\">\n\t\t\t\t<div class=\"elementor-widget-container\">\n\t\t\t\t\t<article id=\"arbitrary-instance-69f2d650b2386\" class=\"iron_widget_radio playlist_enabled\"><div class=\"iron-audioplayer  show-playlist playlist_has_no_ctas skin_floated\" id=\"arbitrary-instance-69f2d650b2386-d0f7e0b2ee\" data-id=\"arbitrary-instance-69f2d650b2386\" data-track-sw-cursor=\"\" data-lazyload=\"\" data-albums=\"297\" data-category=\"\" data-url-playlist=\"https:\/\/radiounica945.com\/?load=playlist.json&#038;title=&#038;albums=297&#038;category=&#038;posts_not_in=&#038;category_not_in=&#038;author=&#038;feed_title=&#038;feed=&#038;feed_img=&#038;el_widget_id=&#038;artwork=&#038;posts_per_pages=-1&#038;all_category=&#038;single_playlist=&#038;reverse_tracklist=&#038;audio_meta_field=&#038;repeater_meta_field=&#038;import_file=&#038;rss_items=-1&#038;rss_item_title=&#038;is_favorite=&#038;is_recentlyplayed=&#038;srp_order=date_DESC\" data-sticky-player=\"\" data-shuffle=\"false\" data-playlist_title=\"\" data-scrollbar=\"\" data-wave-color=\"\" data-wave-progress-color=\"\" data-spectro=\"\" data-no-wave=\"\" data-hide-progressbar=\"\" data-progress-bar-style=\"\"data-feedurl=\"0\" data-notrackskip=\"\" data-no-loop-tracklist=\"\" data-playertemplate =\"skin_float_tracklist\" data-hide-artwork =\"\" data-speedrate=\"1\"  data-tracks-per-page=\"\" data-pagination_scroll_offset=\"\" data-adaptive-colors=\"\" data-adaptive-colors-freeze=\"\" style=\"opacity:0;\"><div class=\"sonaar-grid\" ><div class=\"sonaar-Artwort-box \">\n                <div class=\"control\">\n                    \n                <\/div>\n                <div class=\"album\">\n                    <div class=\"album-art\">\n                        <img alt=\"album-art\">\n                    <\/div>\n                <\/div>\n                <\/div><div class=\"playlist sr_waveform_mediaElement\"  id=\"playlist_arbitrary-instance-69f2d650b2386\"><h3 class=\"sr_it-playlist-title\"><\/h3><div class=\"srp_subtitle\">RENDICI\u00d3N DE CUENTAS<\/div><div class=\"srp_tracklist\"><ul class=\"srp_list\"><li \n            class=\"sr-playlist-item\" \n            data-audiopath=\"https:\/\/radiounica945.com\/wp-content\/uploads\/2024\/03\/2022.mp3\"\n            data-showloading=\"1\"\n            data-albumTitle=\"Rendici\u00f3n de Cuentas\"\n            data-albumArt=\"\"\n            data-releasedate=\"RENDICI\u00d3N DE CUENTAS\"\n            data-date=\"2024\/03\/26\"\n            data-date-formated=\"marzo 26, 2024\"\n            data-show-date=\"\"\n            data-trackTitle=\"2022\"\n            data-artist=\"\"\n            data-trackID=\"298\"\n            data-trackTime=\"8:30\"\n            data-relatedTrack=\"\"\n            data-post-url=\"\"\n            data-post-id=\"297\"\n            data-track-pos=\"0\"\n            data-peakFile=\"https:\/\/radiounica945.com\/wp-content\/uploads\/audio_peaks\/298.peak\"\n            data-peakFile-allow=\"1\"\n            data-is-preview=\"\"\n            data-track-lyric=\"\" data-icecast_json=\"\" data-icecast_mount=\"\"><div class=\"sr-playlist-item-flex\"><span class=\"store-list\"><\/span><\/div><div class=\"srp_track_description\"><\/div><\/li><\/ul><\/div><\/div><\/div><div class=\"album-player sr_waveform_mediaElement\"><div class=\"srp_miniplayer_metas\"><div class=\" srp_meta srp_meta_0 track-title\" data-prefix=\"\" aria-label=\"Track title\"><\/div><\/div> <div class=\"player \" ><div class=\"sr_progressbar\">\n                \n            <div class=\"currentTime\">00:00<\/div>\n         \n                <div id=\"arbitrary-instance-69f2d650b2386-98593dc425-wave\" class=\"wave\" >\n                 \n        <div class=\"sonaar_fake_wave\" style=\"height:70px\"> \n            <audio src=\"\" class=\"sonaar_media_element\"><\/audio> \n            <div class=\"sonaar_wave_base\"> \n                <canvas id=\"sonaar_wave_base_canvas\" class=\"\" height=\"70\" width=\"2540\"><\/canvas> \n                <svg><\/svg> \n            <\/div> \n            <div class=\"sonaar_wave_cut\"> \n                <canvas id=\"sonaar_wave_cut_canvas\" class=\"\" height=\"70\" width=\"2540\"><\/canvas> \n                <svg><\/svg> \n            <\/div> \n        <\/div> \n                <\/div>\n                \n            <div class=\"totalTime\"><\/div>\n         \n             <\/div><div class=\"srp_main_control srp_oneColumn\"><div class=\"control\"><div class=\"play\" style=\"opacity:0;\" aria-label=\"Play\" title=\"\">\n                <i class=\"sricon-play\"><\/i>\n            <\/div><\/div><div class=\"control\"><\/div><\/div><\/div><\/div><div class=\"album-store\"><\/div><\/div><script id=\"srp_js_params_69f2d650b2386\">\n        var srp_player_params_69f2d650b2386 = {\"title\":\"\",\"store_title_text\":\"\",\"albums\":[],\"hide_artwork\":\"false\",\"sticky_player\":\"\",\"show_album_market\":\"true\",\"show_track_market\":\"true\",\"hide_timeline\":\"false\",\"elementor\":\"true\",\"tracks_per_page\":\"\",\"titletag_soundwave\":\"div\",\"titletag_playlist\":\"h3\",\"show_control_on_hover\":\"false\",\"show_playlist\":\"true\",\"reverse_tracklist\":\"\",\"wave_color\":\"\",\"wave_progress_color\":\"\",\"spectro\":\"\",\"shuffle\":\"\",\"searchbar\":\"\",\"searchbar_placeholder\":\"\",\"player_layout\":\"skin_float_tracklist\",\"artwork\":\"\",\"play-latest\":\"true\",\"orderby\":\"date\",\"order\":\"DESC\",\"use_play_label_with_icon\":\"false\",\"main_settings\":\"||\"} \n        var srp_player_params_args_69f2d650b2386 = {\"before_widget\":\"<article id=\\\"arbitrary-instance-69f2d650b2386\\\" class=\\\"iron_widget_radio playlist_enabled\\\">\",\"after_widget\":\"<\\\/article>\",\"before_title\":\"<span class='heading-t3'><\\\/span><h3 class=\\\"widgettitle\\\">\",\"after_title\":\"<\\\/h3>\",\"widget_id\":\"arbitrary-instance-69f2d650b2386\"}  \n        <\/script><script>if(typeof setIronAudioplayers !== \"undefined\"){ setIronAudioplayers(\"arbitrary-instance-69f2d650b2386\"); }<\/script><\/article>\t\t\t\t<\/div>\n\t\t\t\t<\/div>\n\t\t\t\t\t<\/div>\n\t\t<\/div>\n\t\t\t\t\t<\/div>\n\t\t<\/section>\n\t\t\t\t\t<\/div>\n\t\t<\/div>\n\t\t\t\t\t<\/div>\n\t\t<\/section>\n\t\t\t\t<\/div>\n\t\t","protected":false},"excerpt":{"rendered":"<p>RENDICI\u00d3N DE CUENTAS 00:00<\/p>\n","protected":false},"author":1,"featured_media":0,"parent":0,"menu_order":0,"comment_status":"closed","ping_status":"closed","template":"","meta":{"site-sidebar-layout":"no-sidebar","site-content-layout":"","ast-site-content-layout":"full-width-container","site-content-style":"default","site-sidebar-style":"default","ast-global-header-display":"","ast-banner-title-visibility":"","ast-main-header-display":"","ast-hfb-above-header-display":"","ast-hfb-below-header-display":"","ast-hfb-mobile-header-display":"","site-post-title":"disabled","ast-breadcrumbs-content":"","ast-featured-img":"disabled","footer-sml-layout":"","theme-transparent-header-meta":"default","adv-header-id-meta":"","stick-header-meta":"","header-above-stick-meta":"","header-main-stick-meta":"","header-below-stick-meta":"","astra-migrate-meta-layouts":"set","ast-page-background-enabled":"default","ast-page-background-meta":{"desktop":{"background-color":"var(--ast-global-color-4)","background-image":"","background-repeat":"repeat","background-position":"center center","background-size":"auto","background-attachment":"scroll","background-type":"","background-media":"","overlay-type":"","overlay-color":"","overlay-opacity":"","overlay-gradient":""},"tablet":{"background-color":"","background-image":"","background-repeat":"repeat","background-position":"center center","background-size":"auto","background-attachment":"scroll","background-type":"","background-media":"","overlay-type":"","overlay-color":"","overlay-opacity":"","overlay-gradient":""},"mobile":{"background-color":"","background-image":"","background-repeat":"repeat","background-position":"center center","background-size":"auto","background-attachment":"scroll","background-type":"","background-media":"","overlay-type":"","overlay-color":"","overlay-opacity":"","overlay-gradient":""}},"ast-content-background-meta":{"desktop":{"background-color":"var(--ast-global-color-5)","background-image":"","background-repeat":"repeat","background-position":"center center","background-size":"auto","background-attachment":"scroll","background-type":"","background-media":"","overlay-type":"","overlay-color":"","overlay-opacity":"","overlay-gradient":""},"tablet":{"background-color":"var(--ast-global-color-5)","background-image":"","background-repeat":"repeat","background-position":"center center","background-size":"auto","background-attachment":"scroll","background-type":"","background-media":"","overlay-type":"","overlay-color":"","overlay-opacity":"","overlay-gradient":""},"mobile":{"background-color":"var(--ast-global-color-5)","background-image":"","background-repeat":"repeat","background-position":"center center","background-size":"auto","background-attachment":"scroll","background-type":"","background-media":"","overlay-type":"","overlay-color":"","overlay-opacity":"","overlay-gradient":""}},"footnotes":""},"class_list":["post-22","page","type-page","status-publish","hentry"],"yoast_head":"<!-- This site is optimized with the Yoast SEO plugin v25.7 - https:\/\/yoast.com\/wordpress\/plugins\/seo\/ -->\n<title>Rendici\u00f3n de Cuentas - LA NUEVA \u00daNICA 94.5 FM<\/title>\n<meta name=\"robots\" content=\"index, follow, max-snippet:-1, max-image-preview:large, max-video-preview:-1\" \/>\n<link rel=\"canonical\" href=\"https:\/\/radiounica945.com\/index.php\/rendicion-de-cuentas\/\" \/>\n<meta property=\"og:locale\" content=\"es_ES\" \/>\n<meta property=\"og:type\" content=\"article\" \/>\n<meta property=\"og:title\" content=\"Rendici\u00f3n de Cuentas - LA NUEVA \u00daNICA 94.5 FM\" \/>\n<meta property=\"og:description\" content=\"RENDICI\u00d3N DE CUENTAS 00:00\" \/>\n<meta property=\"og:url\" content=\"https:\/\/radiounica945.com\/index.php\/rendicion-de-cuentas\/\" \/>\n<meta property=\"og:site_name\" content=\"LA NUEVA \u00daNICA 94.5 FM\" \/>\n<meta property=\"article:modified_time\" content=\"2024-04-12T03:54:28+00:00\" \/>\n<meta property=\"og:image\" content=\"https:\/\/radiounica945.com\/wp-content\/uploads\/2024\/03\/LogoLaUnica2024.png\" \/>\n<meta name=\"twitter:card\" content=\"summary_large_image\" \/>\n<meta name=\"twitter:label1\" content=\"Tiempo de lectura\" \/>\n\t<meta name=\"twitter:data1\" content=\"1 minuto\" \/>\n<script type=\"application\/ld+json\" class=\"yoast-schema-graph\">{\"@context\":\"https:\/\/schema.org\",\"@graph\":[{\"@type\":\"WebPage\",\"@id\":\"https:\/\/radiounica945.com\/index.php\/rendicion-de-cuentas\/\",\"url\":\"https:\/\/radiounica945.com\/index.php\/rendicion-de-cuentas\/\",\"name\":\"Rendici\u00f3n de Cuentas - LA NUEVA \u00daNICA 94.5 FM\",\"isPartOf\":{\"@id\":\"https:\/\/radiounica945.com\/#website\"},\"primaryImageOfPage\":{\"@id\":\"https:\/\/radiounica945.com\/index.php\/rendicion-de-cuentas\/#primaryimage\"},\"image\":{\"@id\":\"https:\/\/radiounica945.com\/index.php\/rendicion-de-cuentas\/#primaryimage\"},\"thumbnailUrl\":\"https:\/\/radiounica945.com\/wp-content\/uploads\/2024\/03\/LogoLaUnica2024.png\",\"datePublished\":\"2024-03-25T23:18:35+00:00\",\"dateModified\":\"2024-04-12T03:54:28+00:00\",\"breadcrumb\":{\"@id\":\"https:\/\/radiounica945.com\/index.php\/rendicion-de-cuentas\/#breadcrumb\"},\"inLanguage\":\"es\",\"potentialAction\":[{\"@type\":\"ReadAction\",\"target\":[\"https:\/\/radiounica945.com\/index.php\/rendicion-de-cuentas\/\"]}]},{\"@type\":\"ImageObject\",\"inLanguage\":\"es\",\"@id\":\"https:\/\/radiounica945.com\/index.php\/rendicion-de-cuentas\/#primaryimage\",\"url\":\"https:\/\/radiounica945.com\/wp-content\/uploads\/2024\/03\/LogoLaUnica2024.png\",\"contentUrl\":\"https:\/\/radiounica945.com\/wp-content\/uploads\/2024\/03\/LogoLaUnica2024.png\",\"width\":512,\"height\":512},{\"@type\":\"BreadcrumbList\",\"@id\":\"https:\/\/radiounica945.com\/index.php\/rendicion-de-cuentas\/#breadcrumb\",\"itemListElement\":[{\"@type\":\"ListItem\",\"position\":1,\"name\":\"Portada\",\"item\":\"https:\/\/radiounica945.com\/\"},{\"@type\":\"ListItem\",\"position\":2,\"name\":\"Rendici\u00f3n de Cuentas\"}]},{\"@type\":\"WebSite\",\"@id\":\"https:\/\/radiounica945.com\/#website\",\"url\":\"https:\/\/radiounica945.com\/\",\"name\":\"LA NUEVA \u00daNICA 94.5 FM\",\"description\":\"\",\"potentialAction\":[{\"@type\":\"SearchAction\",\"target\":{\"@type\":\"EntryPoint\",\"urlTemplate\":\"https:\/\/radiounica945.com\/?s={search_term_string}\"},\"query-input\":{\"@type\":\"PropertyValueSpecification\",\"valueRequired\":true,\"valueName\":\"search_term_string\"}}],\"inLanguage\":\"es\"}]}<\/script>\n<!-- \/ Yoast SEO plugin. -->","yoast_head_json":{"title":"Rendici\u00f3n de Cuentas - LA NUEVA \u00daNICA 94.5 FM","robots":{"index":"index","follow":"follow","max-snippet":"max-snippet:-1","max-image-preview":"max-image-preview:large","max-video-preview":"max-video-preview:-1"},"canonical":"https:\/\/radiounica945.com\/index.php\/rendicion-de-cuentas\/","og_locale":"es_ES","og_type":"article","og_title":"Rendici\u00f3n de Cuentas - LA NUEVA \u00daNICA 94.5 FM","og_description":"RENDICI\u00d3N DE CUENTAS 00:00","og_url":"https:\/\/radiounica945.com\/index.php\/rendicion-de-cuentas\/","og_site_name":"LA NUEVA \u00daNICA 94.5 FM","article_modified_time":"2024-04-12T03:54:28+00:00","og_image":[{"url":"https:\/\/radiounica945.com\/wp-content\/uploads\/2024\/03\/LogoLaUnica2024.png","type":"","width":"","height":""}],"twitter_card":"summary_large_image","twitter_misc":{"Tiempo de lectura":"1 minuto"},"schema":{"@context":"https:\/\/schema.org","@graph":[{"@type":"WebPage","@id":"https:\/\/radiounica945.com\/index.php\/rendicion-de-cuentas\/","url":"https:\/\/radiounica945.com\/index.php\/rendicion-de-cuentas\/","name":"Rendici\u00f3n de Cuentas - LA NUEVA \u00daNICA 94.5 FM","isPartOf":{"@id":"https:\/\/radiounica945.com\/#website"},"primaryImageOfPage":{"@id":"https:\/\/radiounica945.com\/index.php\/rendicion-de-cuentas\/#primaryimage"},"image":{"@id":"https:\/\/radiounica945.com\/index.php\/rendicion-de-cuentas\/#primaryimage"},"thumbnailUrl":"https:\/\/radiounica945.com\/wp-content\/uploads\/2024\/03\/LogoLaUnica2024.png","datePublished":"2024-03-25T23:18:35+00:00","dateModified":"2024-04-12T03:54:28+00:00","breadcrumb":{"@id":"https:\/\/radiounica945.com\/index.php\/rendicion-de-cuentas\/#breadcrumb"},"inLanguage":"es","potentialAction":[{"@type":"ReadAction","target":["https:\/\/radiounica945.com\/index.php\/rendicion-de-cuentas\/"]}]},{"@type":"ImageObject","inLanguage":"es","@id":"https:\/\/radiounica945.com\/index.php\/rendicion-de-cuentas\/#primaryimage","url":"https:\/\/radiounica945.com\/wp-content\/uploads\/2024\/03\/LogoLaUnica2024.png","contentUrl":"https:\/\/radiounica945.com\/wp-content\/uploads\/2024\/03\/LogoLaUnica2024.png","width":512,"height":512},{"@type":"BreadcrumbList","@id":"https:\/\/radiounica945.com\/index.php\/rendicion-de-cuentas\/#breadcrumb","itemListElement":[{"@type":"ListItem","position":1,"name":"Portada","item":"https:\/\/radiounica945.com\/"},{"@type":"ListItem","position":2,"name":"Rendici\u00f3n de Cuentas"}]},{"@type":"WebSite","@id":"https:\/\/radiounica945.com\/#website","url":"https:\/\/radiounica945.com\/","name":"LA NUEVA \u00daNICA 94.5 FM","description":"","potentialAction":[{"@type":"SearchAction","target":{"@type":"EntryPoint","urlTemplate":"https:\/\/radiounica945.com\/?s={search_term_string}"},"query-input":{"@type":"PropertyValueSpecification","valueRequired":true,"valueName":"search_term_string"}}],"inLanguage":"es"}]}},"_links":{"self":[{"href":"https:\/\/radiounica945.com\/index.php\/wp-json\/wp\/v2\/pages\/22","targetHints":{"allow":["GET"]}}],"collection":[{"href":"https:\/\/radiounica945.com\/index.php\/wp-json\/wp\/v2\/pages"}],"about":[{"href":"https:\/\/radiounica945.com\/index.php\/wp-json\/wp\/v2\/types\/page"}],"author":[{"embeddable":true,"href":"https:\/\/radiounica945.com\/index.php\/wp-json\/wp\/v2\/users\/1"}],"replies":[{"embeddable":true,"href":"https:\/\/radiounica945.com\/index.php\/wp-json\/wp\/v2\/comments?post=22"}],"version-history":[{"count":22,"href":"https:\/\/radiounica945.com\/index.php\/wp-json\/wp\/v2\/pages\/22\/revisions"}],"predecessor-version":[{"id":359,"href":"https:\/\/radiounica945.com\/index.php\/wp-json\/wp\/v2\/pages\/22\/revisions\/359"}],"wp:attachment":[{"href":"https:\/\/radiounica945.com\/index.php\/wp-json\/wp\/v2\/media?parent=22"}],"curies":[{"name":"wp","href":"https:\/\/api.w.org\/{rel}","templated":true}]}}